{"id":5087,"date":"2023-12-04T12:54:30","date_gmt":"2023-12-04T12:54:30","guid":{"rendered":"https:\/\/www.kaskivaara.fi\/?page_id=5087"},"modified":"2023-12-05T15:55:40","modified_gmt":"2023-12-05T15:55:40","slug":"kun-hankit-lemmikkia","status":"publish","type":"page","link":"https:\/\/www.kaskivaara.fi\/?page_id=5087","title":{"rendered":"Kun hankit lemmikki\u00e4"},"content":{"rendered":"\n<p>Mieti,onko sinulla,perheell\u00e4si aikaa,halua,kyky\u00e4,kiinnostusta,varaa sitoutua lemmikkiin. Mieti ajank\u00e4ytt\u00f6si,lomasi,tukiverkkosi,sairaudet,ty\u00f6si,matkustelusi. Mieti,miksi haluat lemmikin. Lemmikki ei ole lasten leikkikalu. Onko el\u00e4m\u00e4si kunnossa? Aikapulasta,jatkuvasti menossa oleville tai p\u00e4ihdeongelmaisille, meill\u00e4 ei ole lemmikki\u00e4 antaa. Kerro hakemuksessa , millaiseen kotiin lemmikki olisi tulossa &#8211; rehellisesti. Lemmikki tarvitsee seuraa,aktiviteetti\u00e4,hoitoa. Voihan se olla ilonasi jopa 20 vuotta!\u00a0<img loading=\"lazy\" decoding=\"async\" height=\"16\" width=\"16\" src=\"https:\/\/static.xx.fbcdn.net\/images\/emoji.php\/v9\/t4c\/1\/16\/1f642.png\" alt=\"\ud83d\ude42\"><br>Me puolestamme yrit\u00e4mme yhdist\u00e4\u00e4 toisilleen sopivan lemmikin ja perheen. Mik\u00e4li jostain syyst\u00e4 yhteiselo ei suju,otamme aina el\u00e4imen takaisin, my\u00f6s koeajan umpeuduttua. Kerro hakemuksessasi kaikki oleellinen, niin perheest\u00e4si kuin muista mahdollisista lemmikeist\u00e4si.\u00a0<\/p>\n","protected":false},"excerpt":{"rendered":"<p>Mieti,onko sinulla,perheell\u00e4si aikaa,halua,kyky\u00e4,kiinnostusta,varaa sitoutua lemmikkiin. Mieti ajank\u00e4ytt\u00f6si,lomasi,tukiverkkosi,sairaudet,ty\u00f6si,matkustelusi. Mieti,miksi haluat lemmikin. Lemmikki ei ole lasten leikkikalu. Onko el\u00e4m\u00e4si kunnossa? Aikapulasta,jatkuvasti menossa oleville tai p\u00e4ihdeongelmaisille, meill\u00e4 ei ole lemmikki\u00e4 antaa. Kerro hakemuksessa , millaiseen kotiin lemmikki olisi tulossa &#8211; rehellisesti. Lemmikki tarvitsee seuraa,aktiviteetti\u00e4,hoitoa. Voihan se olla ilonasi jopa 20 vuotta!\u00a0Me puolestamme yrit\u00e4mme yhdist\u00e4\u00e4 toisilleen sopivan lemmikin ja perheen. Mik\u00e4li jostain syyst\u00e4 yhteiselo ei suju,otamme aina el\u00e4imen takaisin, my\u00f6s koeajan umpeuduttua. Kerro hakemuksessasi kaikki oleellinen, niin perheest\u00e4si kuin muista mahdollisista lemmikeist\u00e4si.\u00a0<\/p>\n","protected":false},"author":2,"featured_media":0,"parent":0,"menu_order":0,"comment_status":"closed","ping_status":"closed","template":"","meta":{"ngg_post_thumbnail":0,"footnotes":""},"class_list":["post-5087","page","type-page","status-publish","hentry"],"_links":{"self":[{"href":"https:\/\/www.kaskivaara.fi\/index.php?rest_route=\/wp\/v2\/pages\/5087","targetHints":{"allow":["GET"]}}],"collection":[{"href":"https:\/\/www.kaskivaara.fi\/index.php?rest_route=\/wp\/v2\/pages"}],"about":[{"href":"https:\/\/www.kaskivaara.fi\/index.php?rest_route=\/wp\/v2\/types\/page"}],"author":[{"embeddable":true,"href":"https:\/\/www.kaskivaara.fi\/index.php?rest_route=\/wp\/v2\/users\/2"}],"replies":[{"embeddable":true,"href":"https:\/\/www.kaskivaara.fi\/index.php?rest_route=%2Fwp%2Fv2%2Fcomments&post=5087"}],"version-history":[{"count":2,"href":"https:\/\/www.kaskivaara.fi\/index.php?rest_route=\/wp\/v2\/pages\/5087\/revisions"}],"predecessor-version":[{"id":5115,"href":"https:\/\/www.kaskivaara.fi\/index.php?rest_route=\/wp\/v2\/pages\/5087\/revisions\/5115"}],"wp:attachment":[{"href":"https:\/\/www.kaskivaara.fi\/index.php?rest_route=%2Fwp%2Fv2%2Fmedia&parent=5087"}],"curies":[{"name":"wp","href":"https:\/\/api.w.org\/{rel}","templated":true}]}}